{"id":705,"date":"2013-03-23T13:05:30","date_gmt":"2013-03-23T13:05:30","guid":{"rendered":"http:\/\/themenectar.com\/demo\/salient\/?page_id=20"},"modified":"2017-11-28T15:02:53","modified_gmt":"2017-11-28T15:02:53","slug":"advertiser-2","status":"publish","type":"page","link":"https:\/\/www.performancebay.com\/fr\/advertiser-2\/","title":{"rendered":"ANNONCEUR"},"content":{"rendered":"[full_width_section bg_pos=&#8221;Left Top&#8221; bg_repeat=&#8221;No-Repeat&#8221; text_color=&#8221;Light&#8221; image_url=&#8221;&#8221; top_padding=&#8221;&#8221; bottom_padding=&#8221;60&#8243; background_color=&#8221;#4bc4ae&#8221;]\n<div class=\"col span_6\" data-animation=\"\" data-delay=\"0\">\n<h3><span style=\"color: #4affae;\">VOUS \u00caTES ANNONCEUR ?<\/span><\/h3>\n<h1><span style=\"font-weight: bold; font-size: 40px;\">Entrez en relation avec nos publishers et maximisez votre visibilit\u00e9 !<\/span><\/h1>\n<\/div>\n<div align=\"center\"><div class=\"col span_6\" data-animation=\"\" data-delay=\"0\">\n<div class=\"divider-wrap\"><div style=\"height: 20px;\" class=\"divider\"><\/div><\/div>\n<img decoding=\"async\" loading=\"lazy\" class=\"alignnone size-full wp-image-1328\" src=\"http:\/\/www.performancebay.com\/wp-content\/uploads\/sites\/5\/2016\/12\/advertiser-1.png\" alt=\"\" width=\"314\" height=\"168\" srcset=\"https:\/\/www.performancebay.com\/fr\/wp-content\/uploads\/sites\/5\/2016\/12\/advertiser-1.png 314w, https:\/\/www.performancebay.com\/fr\/wp-content\/uploads\/sites\/5\/2016\/12\/advertiser-1-300x161.png 300w\" sizes=\"(max-width: 314px) 100vw, 314px\" \/><br \/>\n<\/div><\/div>\n[\/full_width_section]\n[vc_row full_screen_row_position=&#8221;middle&#8221; bg_color=&#8221;#ffffff&#8221; scene_position=&#8221;center&#8221; text_color=&#8221;dark&#8221; text_align=&#8221;left&#8221; overlay_strength=&#8221;0.3&#8243;][vc_column column_padding=&#8221;padding-3-percent&#8221; column_padding_position=&#8221;all&#8221; background_color=&#8221;#ffffff&#8221; background_color_opacity=&#8221;1&#8243; background_hover_color_opacity=&#8221;1&#8243; width=&#8221;1\/2&#8243; tablet_text_alignment=&#8221;default&#8221; phone_text_alignment=&#8221;default&#8221;][vc_column_text]\n<h1 style=\"color: #3cd9bd; font-size: 34px; line-height: 42px; font-weight: 500;\">Performance Bay alie comp\u00e9tences, exp\u00e9rience et cr\u00e9ativit\u00e9 pour vous montrer le puissance du marketing de performance.<\/h1>\n<div class=\"divider-wrap\"><div style=\"height: 20px;\" class=\"divider\"><\/div><\/div>\n<h2>Notre approche<\/h2>\n<p style=\"color: #333333; font-size: 16px; line-height: 26px; font-weight: 300;\">Le monde du digital est tr\u00e8s florissant et la concurrence grandit de mani\u00e8re exponentielle. Maximiser votre visibilit\u00e9 demande donc un travail constant. Prenez le taureau par les cornes avec Performance Bay. Vous avez acc\u00e8s \u00e0 un oc\u00e9an d&#8217;espaces publicitaires dans tous les secteurs et vous pouvez lancer une campagne marketing bas\u00e9e sur la performance en deux temps trois mouvements. De plus, vous ne payez que pour les prestations d\u00e9finies au pr\u00e9alable (impressions, clics, leads, ventes, t\u00e9l\u00e9chargements,&#8230;). Un syst\u00e8me &#8220;no cure, no pay&#8221; \u00e0 100% !<\/p>\n[\/vc_column_text][\/vc_column]\n[vc_column column_padding=&#8221;padding-3-percent&#8221; column_padding_position=&#8221;all&#8221; background_color=&#8221;#ffffff&#8221; background_color_opacity=&#8221;1&#8243; background_hover_color_opacity=&#8221;1&#8243; width=&#8221;1\/2&#8243; tablet_text_alignment=&#8221;default&#8221; phone_text_alignment=&#8221;default&#8221;][vc_column_text]\n<h2>Une Plateforme innovante<\/h2>\n<div class=\"col span_6\" data-animation=\"\" data-delay=\"0\">\n<p style=\"color: #939393; font-size: 13px; line-height: 20px; font-weight: 300;\"><span style=\"color: #5c5c5c; font-weight: bold; font-size: 14px;\">G\u00e9rez vos campagnes<\/span> dans votre espace personnel : rapports en temps r\u00e9el, statistiques en un clin d&#8217;oeil, optimisation de votre ROI (retour sur investissement) et suivi de votre facturation.<\/p>\n<p><span style=\"color: #5c5c5c; font-weight: bold; font-size: 14px;\">Code de suivi unique :<\/span> vous ne travaillez qu&#8217;avec un seul code de suivi pour toutes vos campagnes.<br \/>\n<\/div><div class=\"col span_6 col_last\" data-animation=\"\" data-delay=\"0\">\n<p style=\"color: #939393; font-size: 13px; line-height: 20px; font-weight: 300;\"><span style=\"color: #5c5c5c; font-weight: bold; font-size: 14px;\">Connexion aux appareils :<\/span> votre publicit\u00e9 s&#8217;adapte automatiquement \u00e0 l&#8217;appareil de l&#8217;utilisateur.<\/p>\n<p><span style=\"color: #5c5c5c; font-weight: bold; font-size: 14px;\">Reciblage :<\/span> vous avez la possibilit\u00e9 de recontacter des visiteurs via des sites tiers.<\/p>\n<\/div><div class=\"clear\"><\/div>\n<h2>Des mod\u00e8les de r\u00e9mun\u00e9ration sur mesure<\/h2>\n<div class=\"col span_6\" data-animation=\"\" data-delay=\"0\">\n<p style=\"color: #939393; font-size: 13px; line-height: 20px; font-weight: 300;\"><span style=\"color: #5c5c5c; font-weight: bold; font-size: 14px;\">Ne payez vos publishers qu&#8217;en fonction de leurs performances.<\/span> Pour chaque campagne, vous d\u00e9cidez avec Performance Bay du (des) mod\u00e8le(s) qui vous convien(nen)t !<\/p>\n<\/div><div class=\"col span_6 col_last\" data-animation=\"\" data-delay=\"0\">\n<p style=\"color: #939393; font-size: 13px; line-height: 20px; font-weight: 300;\"><span style=\"color: #5c5c5c; font-weight: bold; font-size: 14px;\">\u2022 CPA<\/span> (co\u00fbt par action)<br \/>\n<span style=\"color: #5c5c5c; font-weight: bold; font-size: 14px;\">\u2022 CPL<\/span> (co\u00fbt par lead)<br \/>\n<span style=\"color: #5c5c5c; font-weight: bold; font-size: 14px;\">\u2022 CPM<\/span> (co\u00fbt par 1000)<br \/>\n<span style=\"color: #5c5c5c; font-weight: bold; font-size: 14px;\">\u2022 CPC<\/span> (co\u00fbt par clic)<br \/>\n<span style=\"color: #5c5c5c; font-weight: bold; font-size: 14px;\">\u2022 CPI<\/span> (co\u00fbt par installation)<br \/>\n<span style=\"color: #5c5c5c; font-weight: bold; font-size: 14px;\">\u2022 CPD<\/span> (co\u00fbt par t\u00e9l\u00e9chargement)<\/p>\n<\/div><div class=\"clear\"><\/div>\n[\/vc_column_text][\/vc_column][\/vc_row]\n<div align=\"center\">\n[full_width_section bg_pos=&#8221;Center Center&#8221; bg_repeat=&#8221;No-Repeat&#8221; text_color=&#8221;light&#8221; text_align=&#8221;center&#8221; top_padding=&#8221;24&#8243; bottom_padding=&#8221;28&#8243; background_color=&#8221;#017560&#8243; parallax_bg=&#8221;true&#8221; align=&#8221;center&#8221;]\n<h2>Maximiser votre visibilit\u00e9 \u00e0 des tarifs comp\u00e9titifs ?<\/h2>\n<h5 style=\"line-height: 10px; font-weight: 400;\">Faites le test avec Performance Bay. La qualit\u00e9 de nos r\u00e9sultats sort toujours du lot.<\/h5>\n[\/full_width_section]\n<\/div>\n<div align=\"center\">[full_width_section bg_pos=&#8221;Center Center&#8221; bg_repeat=&#8221;No-Repeat&#8221; text_color=&#8221;light&#8221; text_align=&#8221;center&#8221; top_padding=&#8221;48&#8243; bottom_padding=&#8221;34&#8243; background_color=&#8221;#4bc4ae&#8221; parallax_bg=&#8221;true&#8221; align=&#8221;center&#8221;]\n<h1>Vous souhaitez partir en mer avec Performance Bay ?<\/h1>\n<div class=\"divider-wrap\"><div style=\"height: 20px;\" class=\"divider\"><\/div><\/div>\n<img decoding=\"async\" loading=\"lazy\" class=\"alignnone size-full wp-image-1199\" src=\"http:\/\/www.performancebay.com\/wp-content\/uploads\/sites\/5\/2016\/12\/advertiser-CTA.png\" alt=\"\" width=\"254\" height=\"167\" \/><br \/>\n<div class=\"divider-wrap\"><div style=\"height: 10px;\" class=\"divider\"><\/div><\/div>\n<a class=\"nectar-button medium see-through-2\"  href=\"http:\/\/www.performancebay.com\/fr\/contact\/\" data-color-override=\"false\"  data-hover-color-override=\"#017560\" data-hover-text-color-override=\"#fff\"><span>Hissez les voiles !<\/span><\/a>\n<div class=\"divider-wrap\"><div style=\"height: 1px;\" class=\"divider\"><\/div><\/div>\nVous avez d\u00e9j\u00e0 embarqu\u00e9 avec nous ? <a style=\"color: #00735f;\" href=\"http:\/\/affiliates.performancebay.com\/\"><u>Connectez-vous<\/u><\/a><br \/>\n[\/full_width_section]\n<\/div>\n[full_width_section top_padding=&#8221;50&#8243;]\n<div class=\"col span_4\" data-animation=\"\" data-delay=\"0\">\n<h2 style=\"color: #444444;\">Vous voulez en savoir plus ?<\/h2>\n<div class=\"toggles accordion\" data-style=\"default\"><div class=\"toggle extra-color-2\"><h3><a href=\"#\"><i class=\"icon-plus-sign\"><\/i>CE QUE NOUS POUVONS FAIRE POUR VOUS<\/a><\/h3><div>\n&#8211; Mettre en relation des publishers et des annonceurs<br \/>\n&#8211; Maximiser votre visibilit\u00e9<br \/>\n&#8211; Rentabiliser votre site Internet<\/div><\/div>\n<div class=\"toggle extra-color-2\"><h3><a href=\"#\"><i class=\"icon-plus-sign\"><\/i>LES AVANTAGES DE LA COLLABORATION<\/a><\/h3><div>\u2013 Aucune d\u00e9pense inutile<br \/>\n\u2013 Des rapports transparents et en temps r\u00e9el<br \/>\n\u2013 Un grand nombre de filtres disponibles sur la plateforme<br \/>\n\u2013 Int\u00e9gration directe aupr\u00e8s d&#8217;un leader du march\u00e9<br \/>\n\u2013 Des payouts comp\u00e9titifs<br \/>\n\u2013 Un ROI (retour sur investissement) tr\u00e8s \u00e9lev\u00e9<br \/>\n\u2013 Une port\u00e9e internationale<\/div><\/div><\/div><\/div>\n<div class=\"col span_8 col_last\" data-animation=\"\" data-delay=\"0\">\n<img decoding=\"async\" loading=\"lazy\" class=\"alignnone size-medium wp-image-1198\" src=\"http:\/\/www.performancebay.com\/wp-content\/uploads\/sites\/5\/2016\/12\/BG_office.jpg\" alt=\"\" width=\"1048\" height=\"500\" srcset=\"https:\/\/www.performancebay.com\/fr\/wp-content\/uploads\/sites\/5\/2016\/12\/BG_office.jpg 1048w, https:\/\/www.performancebay.com\/fr\/wp-content\/uploads\/sites\/5\/2016\/12\/BG_office-300x143.jpg 300w, https:\/\/www.performancebay.com\/fr\/wp-content\/uploads\/sites\/5\/2016\/12\/BG_office-768x366.jpg 768w, https:\/\/www.performancebay.com\/fr\/wp-content\/uploads\/sites\/5\/2016\/12\/BG_office-1024x489.jpg 1024w\" sizes=\"(max-width: 1048px) 100vw, 1048px\" \/><br \/>\n<\/div><div class=\"clear\"><\/div>\n[\/full_width_section]\n","protected":false},"excerpt":{"rendered":"<p>[full_width_section bg_pos=&#8221;Left Top&#8221; bg_repeat=&#8221;No-Repeat&#8221; text_color=&#8221;Light&#8221; image_url=&#8221;&#8221; top_padding=&#8221;&#8221; bottom_padding=&#8221;60&#8243; background_color=&#8221;#4bc4ae&#8221;] [\/full_width_section] [vc_row full_screen_row_position=&#8221;middle&#8221; bg_color=&#8221;#ffffff&#8221; scene_position=&#8221;center&#8221; text_color=&#8221;dark&#8221; text_align=&#8221;left&#8221; overlay_strength=&#8221;0.3&#8243;][vc_column column_padding=&#8221;padding-3-percent&#8221; column_padding_position=&#8221;all&#8221; background_color=&#8221;#ffffff&#8221; background_color_opacity=&#8221;1&#8243; background_hover_color_opacity=&#8221;1&#8243; width=&#8221;1\/2&#8243; tablet_text_alignment=&#8221;default&#8221; phone_text_alignment=&#8221;default&#8221;][vc_column_text] Performance Bay alie comp\u00e9tences, exp\u00e9rience&#8230;<\/p>\n","protected":false},"author":1,"featured_media":0,"parent":0,"menu_order":0,"comment_status":"open","ping_status":"open","template":"","meta":[],"post_mailing_queue_ids":[],"_links":{"self":[{"href":"https:\/\/www.performancebay.com\/fr\/wp-json\/wp\/v2\/pages\/705"}],"collection":[{"href":"https:\/\/www.performancebay.com\/fr\/wp-json\/wp\/v2\/pages"}],"about":[{"href":"https:\/\/www.performancebay.com\/fr\/wp-json\/wp\/v2\/types\/page"}],"author":[{"embeddable":true,"href":"https:\/\/www.performancebay.com\/fr\/wp-json\/wp\/v2\/users\/1"}],"replies":[{"embeddable":true,"href":"https:\/\/www.performancebay.com\/fr\/wp-json\/wp\/v2\/comments?post=705"}],"version-history":[{"count":135,"href":"https:\/\/www.performancebay.com\/fr\/wp-json\/wp\/v2\/pages\/705\/revisions"}],"predecessor-version":[{"id":2077,"href":"https:\/\/www.performancebay.com\/fr\/wp-json\/wp\/v2\/pages\/705\/revisions\/2077"}],"wp:attachment":[{"href":"https:\/\/www.performancebay.com\/fr\/wp-json\/wp\/v2\/media?parent=705"}],"curies":[{"name":"wp","href":"https:\/\/api.w.org\/{rel}","templated":true}]}}