{"id":704,"date":"2013-03-23T13:06:18","date_gmt":"2013-03-23T13:06:18","guid":{"rendered":"http:\/\/themenectar.com\/demo\/salient\/?page_id=26"},"modified":"2017-11-28T10:59:03","modified_gmt":"2017-11-28T10:59:03","slug":"contact","status":"publish","type":"page","link":"https:\/\/www.performancebay.com\/fr\/contact\/","title":{"rendered":"CONTACT"},"content":{"rendered":"[vc_row][vc_column width=&#8221;2\/3&#8243;][vc_column_text]\n<h2>Contact<\/h2>\n<p style=\"color: #333333; font-size: 16px; line-height: 26px; font-weight: 300;\">Performance Bay allie comp\u00e9tences, expertise et cr\u00e9ativit\u00e9 dans une approche compl\u00e8te du marketing d&#8217;affiliation. D\u00e9couvrez avec nous le pouvoir du marketing de performance !<\/p>\n<div role=\"form\" class=\"wpcf7\" id=\"wpcf7-f2001-o1\" lang=\"en-US\" dir=\"ltr\">\n<div class=\"screen-reader-response\"><p role=\"status\" aria-live=\"polite\" aria-atomic=\"true\"><\/p> <ul><\/ul><\/div>\n<form action=\"\/fr\/wp-json\/wp\/v2\/pages\/704#wpcf7-f2001-o1\" method=\"post\" class=\"wpcf7-form init\" novalidate=\"novalidate\" data-status=\"init\">\n<div style=\"display: none;\">\n<input type=\"hidden\" name=\"_wpcf7\" value=\"2001\" \/>\n<input type=\"hidden\" name=\"_wpcf7_version\" value=\"5.6.4\" \/>\n<input type=\"hidden\" name=\"_wpcf7_locale\" value=\"en_US\" \/>\n<input type=\"hidden\" name=\"_wpcf7_unit_tag\" value=\"wpcf7-f2001-o1\" \/>\n<input type=\"hidden\" name=\"_wpcf7_container_post\" value=\"0\" \/>\n<input type=\"hidden\" name=\"_wpcf7_posted_data_hash\" value=\"\" \/>\n<\/div>\n<p><span class=\"wpcf7-form-control-wrap\" data-name=\"menu-989\"><select name=\"menu-989\" class=\"wpcf7-form-control wpcf7-select wpcf7-validates-as-required\" id=\"reason\" aria-required=\"true\" aria-invalid=\"false\"><option value=\"\">---<\/option><option value=\"Annonceur\">Annonceur<\/option><option value=\"M\u00e9dia\">M\u00e9dia<\/option><option value=\"Autre\">Autre<\/option><\/select><\/span><\/p>\n<p><label>Pr\u00e9nom*<br \/>\n    <span class=\"wpcf7-form-control-wrap\" data-name=\"your-firstname\"><input type=\"text\" name=\"your-firstname\" value=\"\" size=\"40\" class=\"wpcf7-form-control wpcf7-text wpcf7-validates-as-required\" aria-required=\"true\" aria-invalid=\"false\" \/><\/span> <\/label><\/p>\n<p><label>Nom*<br \/>\n    <span class=\"wpcf7-form-control-wrap\" data-name=\"your-lastname\"><input type=\"text\" name=\"your-lastname\" value=\"\" size=\"40\" class=\"wpcf7-form-control wpcf7-text wpcf7-validates-as-required\" aria-required=\"true\" aria-invalid=\"false\" \/><\/span> <\/label><\/p>\n<p><label>Soci\u00e9t\u00e9*<br \/>\n    <span class=\"wpcf7-form-control-wrap\" data-name=\"your-company\"><input type=\"text\" name=\"your-company\" value=\"\" size=\"40\" class=\"wpcf7-form-control wpcf7-text wpcf7-validates-as-required\" aria-required=\"true\" aria-invalid=\"false\" \/><\/span> <\/label><\/p>\n<p><label>Email*<br \/>\n    <span class=\"wpcf7-form-control-wrap\" data-name=\"your-email\"><input type=\"email\" name=\"your-email\" value=\"\" size=\"40\" class=\"wpcf7-form-control wpcf7-text wpcf7-email wpcf7-validates-as-required wpcf7-validates-as-email\" aria-required=\"true\" aria-invalid=\"false\" \/><\/span> <\/label><\/p>\n<p><label>Num\u00e9ro de t\u00e9l\u00e9phone*<br \/>\n    <span class=\"wpcf7-form-control-wrap\" data-name=\"your-phone\"><input type=\"text\" name=\"your-phone\" value=\"\" size=\"40\" class=\"wpcf7-form-control wpcf7-text wpcf7-validates-as-required\" aria-required=\"true\" aria-invalid=\"false\" \/><\/span> <\/label><\/p>\n<p><label>Site Internet*<br \/>\n    <span class=\"wpcf7-form-control-wrap\" data-name=\"your-website\"><input type=\"text\" name=\"your-website\" value=\"\" size=\"40\" class=\"wpcf7-form-control wpcf7-text wpcf7-validates-as-required\" aria-required=\"true\" aria-invalid=\"false\" \/><\/span> <\/label><\/p>\n<p><label>Message<br \/>\n    <span class=\"wpcf7-form-control-wrap\" data-name=\"your-message\"><textarea name=\"your-message\" cols=\"40\" rows=\"10\" class=\"wpcf7-form-control wpcf7-textarea\" aria-invalid=\"false\"><\/textarea><\/span> <\/label><\/p>\n<p><input type=\"submit\" value=\"ENVOYER\" class=\"wpcf7-form-control has-spinner wpcf7-submit\" \/><\/p>\n<p style=\"display: none !important;\"><label>&#916;<textarea name=\"_wpcf7_ak_hp_textarea\" cols=\"45\" rows=\"8\" maxlength=\"100\"><\/textarea><\/label><input type=\"hidden\" id=\"ak_js_1\" name=\"_wpcf7_ak_js\" value=\"83\"\/><script>document.getElementById( \"ak_js_1\" ).setAttribute( \"value\", ( new Date() ).getTime() );<\/script><\/p><div class=\"wpcf7-response-output\" aria-hidden=\"true\"><\/div><\/form><\/div>\nLes champs marqu\u00e9s d&#8217;une ast\u00e9risque (*) sont obligatoire.<br \/>\nLe spamming et l&#8217;emailing de masse ne sont pas autoris\u00e9s.<br \/>\nLa discrimination (dans le sens le plus large), les insultes ou autres abus sont punissables.<\/p>\n[\/vc_column_text][\/vc_column]\n[vc_column width=&#8221;1\/3&#8243;][vc_column_text]\n<h2>N&#8217;H\u00c9SITEZ PAS \u00c0 NOUS CONTACTER POUR PLUS D&#8217;INFORMATIONS !<\/h2>\n<p style=\"color: #333333; font-size: 16px; line-height: 26px; font-weight: 300;\">Contactez-nous pour plus de d\u00e9tails sur nos offres et services sur-mesure. Que vous vouliez augmenter votre visibilit\u00e9 en ligne, recevoir des conseils au sujet d&#8217;un pitch, transformer votre trafic en revenus,&#8230; Performance Bay a une vision d&#8217;ensemble et vous donne un aper\u00e7u de sa connaissance et de son expertise gr\u00e2ce \u00e0 une approche s\u00fbre et personnalis\u00e9e et un engagement maximal.<\/p>\n[\/vc_column_text]<div class=\"divider-wrap\"><div style=\"margin-top: 25px; width: 20%px; height: 1px; margin-bottom: 25px;\" data-width=\"20%\" data-animate=\"\" data-animation-delay=\"\" data-color=\"default\" class=\"divider-small-border\"><\/div><\/div>\n[vc_column_text]\n<p style=\"font-size: 16px;\"><span style=\"color: #5c5c5c; font-weight: bold; line-height: 28px;\">Nouveau Business et Questions:<\/span><br \/>\n+359 2 448 6330<\/p>\n<p style=\"font-size: 16px;\"><span style=\"color: #5c5c5c; font-weight: bold; line-height: 28px;\">Account Management: <\/span><br \/>\n+359 2 448 6331<\/p>\n<p style=\"font-size: 16px;\"><span style=\"color: #5c5c5c; font-weight: bold; line-height: 28px;\">Email :<\/span><br \/>\ncontact@performancebay.com<\/p>\n<p style=\"font-size: 16px;\"><span style=\"color: #5c5c5c; font-weight: bold; line-height: 28px;\"> Adresse :<\/span><br \/>\n<span style=\"line-height: 8px;\">Bernard Izgrev Tower<br \/>\n23A Dragan Cantkov Boulevard<br \/>\nSofia, Iztok<br \/>\nFloor 1, Office 7<br \/>\n<span style=\"color: #64dea6; font-weight: bold; line-height: 34px;\"><a href=\"http:\/\/www.performancebay.com\/\">www.performancebay.com<\/a><\/span><\/span><\/p>\n[\/vc_column_text][\/vc_column][\/vc_row]\n<div style=\"height: 600px\"  data-transition=\"slide\" data-overall_style=\"classic\" data-flexible-height=\"true\" data-animate-in-effect=\"none\" data-fullscreen=\"false\" data-button-sizing=\"regular\" data-button-styling=\"btn_with_count\" data-autorotate=\"\" data-parallax=\"false\" data-full-width=\"true\" class=\"nectar-slider-wrap \" id=\"ns-id-69f71cf99cb65\">\n\t\t\t<div style=\"height: 600px\" class=\"swiper-container\"  data-tho=\"auto\" data-tco=\"auto\" data-pho=\"auto\" data-pco=\"auto\" data-loop=\"true\" data-height=\"600\" data-min-height=\"\" data-arrows=\"false\" data-bullets=\"true\" data-bullet_style=\"see_through\" data-desktop-swipe=\"true\" data-settings=\"\">\n\t\t\t\t    <div class=\"swiper-wrapper\"><div class=\"swiper-slide\" data-bg-alignment=\"center\" data-color-scheme=\"light\" data-x-pos=\"left\" data-y-pos=\"middle\"> \n\t\t\t\t\t\t\t\t<div class=\"image-bg\" style=\"background-image: url(https:\/\/www.performancebay.com\/wp-content\/uploads\/2017\/01\/BG_office1.jpg);\"> &nbsp; <\/div><div class=\"video-texture \"> <span class=\"ie-fix\"><\/span> <\/div><\/div><!--\/swiper-slide--><div class=\"swiper-slide\" data-bg-alignment=\"center\" data-color-scheme=\"light\" data-x-pos=\"left\" data-y-pos=\"middle\"> \n\t\t\t\t\t\t\t\t<div class=\"image-bg\" style=\"background-image: url(https:\/\/www.performancebay.com\/wp-content\/uploads\/2017\/01\/BG_office3.jpg);\"> &nbsp; <\/div><div class=\"video-texture \"> <span class=\"ie-fix\"><\/span> <\/div><\/div><!--\/swiper-slide--><div class=\"swiper-slide\" data-bg-alignment=\"center\" data-color-scheme=\"light\" data-x-pos=\"left\" data-y-pos=\"middle\"> \n\t\t\t\t\t\t\t\t<div class=\"image-bg\" style=\"background-image: url(https:\/\/www.performancebay.com\/wp-content\/uploads\/2017\/01\/BG_office2.jpg);\"> &nbsp; <\/div><div class=\"video-texture \"> <span class=\"ie-fix\"><\/span> <\/div><\/div><!--\/swiper-slide--><\/div><div class=\"slider-pagination\"><\/div><div class=\"nectar-slider-loading \"> <span class=\"loading-icon none\">   <\/span> <\/div> <\/div> \n\t\t\t\t\n\t\t\t<\/div>\n","protected":false},"excerpt":{"rendered":"<p>[vc_row][vc_column width=&#8221;2\/3&#8243;][vc_column_text] Contact Performance Bay allie comp\u00e9tences, expertise et cr\u00e9ativit\u00e9 dans une approche compl\u00e8te du marketing d&#8217;affiliation. D\u00e9couvrez avec nous le pouvoir du marketing de performance ! Les champs marqu\u00e9s&#8230;<\/p>\n","protected":false},"author":1,"featured_media":0,"parent":0,"menu_order":0,"comment_status":"open","ping_status":"open","template":"template-contact.php","meta":[],"post_mailing_queue_ids":[],"_links":{"self":[{"href":"https:\/\/www.performancebay.com\/fr\/wp-json\/wp\/v2\/pages\/704"}],"collection":[{"href":"https:\/\/www.performancebay.com\/fr\/wp-json\/wp\/v2\/pages"}],"about":[{"href":"https:\/\/www.performancebay.com\/fr\/wp-json\/wp\/v2\/types\/page"}],"author":[{"embeddable":true,"href":"https:\/\/www.performancebay.com\/fr\/wp-json\/wp\/v2\/users\/1"}],"replies":[{"embeddable":true,"href":"https:\/\/www.performancebay.com\/fr\/wp-json\/wp\/v2\/comments?post=704"}],"version-history":[{"count":63,"href":"https:\/\/www.performancebay.com\/fr\/wp-json\/wp\/v2\/pages\/704\/revisions"}],"predecessor-version":[{"id":2079,"href":"https:\/\/www.performancebay.com\/fr\/wp-json\/wp\/v2\/pages\/704\/revisions\/2079"}],"wp:attachment":[{"href":"https:\/\/www.performancebay.com\/fr\/wp-json\/wp\/v2\/media?parent=704"}],"curies":[{"name":"wp","href":"https:\/\/api.w.org\/{rel}","templated":true}]}}