{"id":648,"date":"2013-03-23T13:05:14","date_gmt":"2013-03-23T13:05:14","guid":{"rendered":"http:\/\/themenectar.com\/demo\/salient\/?page_id=18"},"modified":"2018-01-17T14:16:23","modified_gmt":"2018-01-17T14:16:23","slug":"publisher-2","status":"publish","type":"page","link":"https:\/\/www.performancebay.com\/fr\/publisher-2\/","title":{"rendered":"PUBLISHER"},"content":{"rendered":"[full_width_section bg_pos=&#8221;Left Top&#8221; bg_repeat=&#8221;No-Repeat&#8221; text_color=&#8221;Light&#8221; image_url=&#8221;&#8221; top_padding=&#8221;&#8221; bottom_padding=&#8221;60&#8243; background_color=&#8221;#2baec7&#8243;]\n<div class=\"col span_6\" data-animation=\"\" data-delay=\"0\">\n<h3><span style=\"color: #4affae;\">VOUS \u00caTES UN PUBLISHER ?<\/span><\/h3>\n<h1><span style=\"font-weight: bold; font-size: 40px;\">Maximisez vos revenus en faisant de la promotion pour nos annonceurs.<\/span><\/h1>\n<\/div>\n<div align=\"center\"><div class=\"col span_6\" data-animation=\"\" data-delay=\"0\">\n<div class=\"divider-wrap\"><div style=\"height: 40px;\" class=\"divider\"><\/div><\/div>\n<img decoding=\"async\" loading=\"lazy\" class=\"alignnone size-full wp-image-1225\" src=\"http:\/\/www.performancebay.com\/wp-content\/uploads\/sites\/5\/2013\/03\/publisher.png\" alt=\"\" width=\"456\" height=\"148\" srcset=\"https:\/\/www.performancebay.com\/fr\/wp-content\/uploads\/sites\/5\/2013\/03\/publisher.png 456w, https:\/\/www.performancebay.com\/fr\/wp-content\/uploads\/sites\/5\/2013\/03\/publisher-300x97.png 300w\" sizes=\"(max-width: 456px) 100vw, 456px\" \/><br \/>\n<\/div><\/div>\n[\/full_width_section]\n[vc_row full_screen_row_position=&#8221;middle&#8221; bg_color=&#8221;#ffffff&#8221; scene_position=&#8221;center&#8221; text_color=&#8221;dark&#8221; text_align=&#8221;left&#8221; overlay_strength=&#8221;0.3&#8243;][vc_column column_padding=&#8221;padding-3-percent&#8221; column_padding_position=&#8221;all&#8221; background_color=&#8221;#ffffff&#8221; background_color_opacity=&#8221;1&#8243; background_hover_color_opacity=&#8221;1&#8243; width=&#8221;1\/2&#8243; tablet_text_alignment=&#8221;default&#8221; phone_text_alignment=&#8221;default&#8221;][vc_column_text]\n<h1 style=\"color: #34cce9; font-size: 34px; line-height: 42px; font-weight: 500;\">Performance Bay alie comp\u00e9tences, exp\u00e9rience et cr\u00e9ativit\u00e9 pour vous montrer la puissance du marketing de performance.<\/h1>\n<div class=\"divider-wrap\"><div style=\"height: 20px;\" class=\"divider\"><\/div><\/div>\n<h2>Notre approche<\/h2>\n<p style=\"color: #333333; font-size: 16px; line-height: 26px; font-weight: 300;\">Gr\u00e2ce \u00e0 un large portfolio d&#8217;annonceurs dans tous les secteurs, Performance Bay vous propose toujours une campagne correspondant \u00e0 votre projet. D\u00e8s les premi\u00e8res transactions, vous gagnez de l&#8217;argent gr\u00e2ce \u00e0 votre espace publicitaire. Qu&#8217;il s&#8217;agisse d&#8217;une application int\u00e9ressante, d&#8217;une newsletter ou d&#8217;un site Internet, avec Performance Bay, vous faites de votre contenu une v\u00e9ritable mine d&#8217;or !<\/p>\n[\/vc_column_text][\/vc_column]\n[vc_column column_padding=&#8221;padding-3-percent&#8221; column_padding_position=&#8221;all&#8221; background_color=&#8221;#ffffff&#8221; background_color_opacity=&#8221;1&#8243; background_hover_color_opacity=&#8221;1&#8243; width=&#8221;1\/2&#8243; tablet_text_alignment=&#8221;default&#8221; phone_text_alignment=&#8221;default&#8221;][vc_column_text]\n<h2>Des outils innovants<\/h2>\n<div class=\"col span_6\" data-animation=\"\" data-delay=\"0\">\n<p style=\"color: #939393; font-size: 13px; line-height: 20px; font-weight: 300;\"><span style=\"color: #5c5c5c; font-weight: bold; font-size: 14px;\">G\u00e9rez vos campagnes<\/span> dans votre espace personnel. Vous pouvez consulter toutes vos statistiques sur notre plateforme et voir en un clin d&#8217;oeil o\u00f9 vous en \u00eates.<\/p>\n<p><span style=\"color: #5c5c5c; font-weight: bold; font-size: 14px;\">Anti-fraude :<\/span> notre syst\u00e8me filtre les profiteurs hors de vos r\u00e9sultats. Les leads qui ne seraient pas qualitatifs sont imm\u00e9diatement exclus gr\u00e2ce \u00e0 nos contr\u00f4les en profondeur. Vous recevez donc une r\u00e9mun\u00e9ration sur base de la qualit\u00e9 fournie.<\/p>\n<\/div><div class=\"col span_6 col_last\" data-animation=\"\" data-delay=\"0\">\n<p style=\"color: #939393; font-size: 13px; line-height: 20px; font-weight: 300;\"><span style=\"color: #5c5c5c; font-weight: bold; font-size: 14px;\">Rapports en temps r\u00e9el :<\/span> vous \u00eates avertis \u00e0 chaque conversion (lead ou vente).<\/p>\n<p><span style=\"color: #5c5c5c; font-weight: bold; font-size: 14px;\">Suivi des conversions :<\/span> nous rassemblons tous vos partenaires dans un unique partnertag. Int\u00e9grer de nouveaux annonceurs est donc un v\u00e9ritable jeu d&#8217;enfants.<\/p>\n<\/div><div class=\"clear\"><\/div>\n<h2>Support de communication multi-appareils<\/h2>\n<div class=\"col span_6\" data-animation=\"\" data-delay=\"0\">\n<p style=\"color: #939393; font-size: 13px; line-height: 20px; font-weight: 300;\"><span style=\"color: #5c5c5c; font-weight: bold; font-size: 14px;\">Display:<\/span> Formats IAB, liens textuels, liens profonds.<\/p>\n<p><span style=\"color: #5c5c5c; font-weight: bold; font-size: 14px;\">Emailing :<\/span> kit d&#8217;emails optimis\u00e9s et responsive.<\/p>\n<\/div><div class=\"col span_6 col_last\" data-animation=\"\" data-delay=\"0\">\n<p style=\"color: #939393; font-size: 13px; line-height: 20px; font-weight: 300;\"><span style=\"color: #5c5c5c; font-weight: bold; font-size: 14px;\">Feeds :<\/span> catalogues de produits, codes promotionnels, bons d&#8217;achat,&#8230;<\/p>\n<p><span style=\"color: #5c5c5c; font-weight: bold; font-size: 14px;\">Nouveaux formats :<\/span> banni\u00e8res de pied de page, \u00e9l\u00e9ments enfichables, banni\u00e8res expand,&#8230;<\/p>\n<\/div><div class=\"clear\"><\/div>\n[\/vc_column_text][\/vc_column][\/vc_row]\n[full_width_section bg_pos=&#8221;Left Top&#8221; bg_repeat=&#8221;No-Repeat&#8221; text_color=&#8221;light&#8221; bottom_padding=&#8221;30&#8243; top_padding=&#8221;30&#8243; background_color=&#8221;#13798d&#8221; type=&#8221;full_width_background&#8221; text_align=&#8221;left&#8221;]\n<h3 style=\"text-align: center;\">Ils nous font confiance ainsi que plus de 1000 autres marques !<\/h3>\n[vc_column width=&#8221;1\/1&#8243;][clients columns=&#8221;6&#8243; carousel=&#8221;true&#8221;][client image=&#8221;http:\/\/www.performancebay.com\/wp-content\/uploads\/sites\/5\/2017\/02\/DESIGUAL3.png&#8221; url=&#8221;none&#8221; id=&#8221;c1&#8243; title=&#8221;Client&#8221; name=&#8221;Desigual&#8221;][\/client][client image=&#8221;http:\/\/www.performancebay.com\/wp-content\/uploads\/sites\/5\/2017\/02\/VODAFONE3.png&#8221; url=&#8221;none&#8221; id=&#8221;c3&#8243; title=&#8221;Client&#8221; name=&#8221;Vodafone&#8221;][\/client][client image=&#8221;http:\/\/www.performancebay.com\/wp-content\/uploads\/sites\/5\/2017\/02\/PEPSI3.png&#8221; url=&#8221;none&#8221; id=&#8221;c4&#8243; title=&#8221;Client&#8221; name=&#8221;Pepsi&#8221;][\/client][client image=&#8221;http:\/\/www.performancebay.com\/wp-content\/uploads\/sites\/5\/2017\/02\/JEEP3.png&#8221; url=&#8221;none&#8221; id=&#8221;c5&#8243; title=&#8221;Client&#8221; name=&#8221;Jeep&#8221;][\/client][client image=&#8221;http:\/\/www.performancebay.com\/wp-content\/uploads\/sites\/5\/2017\/02\/HOTELS3.png&#8221; url=&#8221;none&#8221; id=&#8221;c7&#8243; title=&#8221;Client&#8221; name=&#8221;Hotels&#8221;][\/client][client image=&#8221;http:\/\/www.performancebay.com\/wp-content\/uploads\/sites\/5\/2017\/02\/BNP3.png&#8221; url=&#8221;none&#8221; id=&#8221;c7&#8243; title=&#8221;Client&#8221; name=&#8221;BNP&#8221;][\/client][client image=&#8221;http:\/\/www.performancebay.com\/wp-content\/uploads\/2017\/03\/brand-wowcher.png&#8221; url=&#8221;none&#8221; id=&#8221;c7&#8243; title=&#8221;Client&#8221; name=&#8221;WowCher&#8221;][\/client][client image=&#8221;http:\/\/www.performancebay.com\/wp-content\/uploads\/2017\/03\/brand-alibaba.png&#8221; url=&#8221;none&#8221; id=&#8221;c7&#8243; title=&#8221;Client&#8221; name=&#8221;Alibaba&#8221;][\/client][client image=&#8221;http:\/\/www.performancebay.com\/wp-content\/uploads\/2017\/03\/brand-gear.png&#8221; url=&#8221;none&#8221; id=&#8221;c7&#8243; title=&#8221;Client&#8221; name=&#8221;GearBest&#8221;][\/client][client image=&#8221;http:\/\/www.performancebay.com\/wp-content\/uploads\/2017\/03\/brand-rakuten.png&#8221; url=&#8221;none&#8221; id=&#8221;c7&#8243; title=&#8221;Client&#8221; name=&#8221;Rakuten&#8221;][\/client][client image=&#8221;http:\/\/www.performancebay.com\/wp-content\/uploads\/2017\/03\/brand-plarium.png&#8221; url=&#8221;none&#8221; id=&#8221;c7&#8243; title=&#8221;Client&#8221; name=&#8221;Plarium&#8221;][\/client][client image=&#8221;http:\/\/www.performancebay.com\/wp-content\/uploads\/2017\/03\/brand-unibank.png&#8221; url=&#8221;none&#8221; id=&#8221;c7&#8243; title=&#8221;Client&#8221; name=&#8221;UniCredit&#8221;][\/client][client image=&#8221;http:\/\/www.performancebay.com\/wp-content\/uploads\/2017\/03\/brand-vaniki.png&#8221; url=&#8221;none&#8221; id=&#8221;c7&#8243; title=&#8221;Client&#8221; name=&#8221;Vaniki&#8221;][\/client][client image=&#8221;http:\/\/www.performancebay.com\/wp-content\/uploads\/2017\/03\/brand-testachats.png&#8221; url=&#8221;none&#8221; id=&#8221;c7&#8243; title=&#8221;Client&#8221; name=&#8221;TestAchats&#8221;][\/client] [\/clients][\/vc_column]\n[\/full_width_section]\n<div align=\"center\">\n[full_width_section bg_pos=&#8221;Center Center&#8221; bg_repeat=&#8221;No-Repeat&#8221; text_color=&#8221;light&#8221; text_align=&#8221;center&#8221; top_padding=&#8221;48&#8243; bottom_padding=&#8221;34&#8243; background_color=&#8221;#2baec7&#8243; parallax_bg=&#8221;true&#8221; align=&#8221;center&#8221;]\n<h1>Trouvez des tr\u00e9sors cach\u00e9s avec Performance Bay<\/h1>\n<p><img decoding=\"async\" loading=\"lazy\" class=\"alignnone size-full wp-image-1139\" src=\"http:\/\/www.performancebay.com\/wp-content\/uploads\/sites\/5\/2013\/03\/publisher-CTA.png\" alt=\"\" width=\"262\" height=\"168\" \/><br \/>\n<a class=\"nectar-button medium see-through-2\"  href=\"http:\/\/www.performancebay.com\/fr\/contact\/\" data-color-override=\"false\"  data-hover-color-override=\"#13798d\" data-hover-text-color-override=\"#fff\"><span>Embarquez dans notre exp\u00e9dition !<\/span><\/a>\n<p>Vous avez d\u00e9j\u00e0 embarqu\u00e9 avec nous ? <a style=\"color: #13798d;\" href=\"http:\/\/affiliates.performancebay.com\/\"><u>Connectez-vous<\/u><\/a><br \/>\n[\/full_width_section]\n<\/div>\n[full_width_section top_padding=&#8221;50&#8243;]\n<div class=\"col span_4\" data-animation=\"\" data-delay=\"0\">\n<h2 style=\"color: #444444;\">Vous voulez en savoir plus ?<\/h2>\n<div class=\"toggles accordion\" data-style=\"default\"><div class=\"toggle extra-color-1\"><h3><a href=\"#\"><i class=\"icon-plus-sign\"><\/i>CE QUE NOUS POUVONS FAIRE POUR VOUS<\/a><\/h3><div>\n&#8211; Mettre en relation des publishers et des annonceurs<br \/>\n&#8211; Maximiser votre visibilit\u00e9<br \/>\n&#8211; Rentabiliser votre site Internet<\/div><\/div>\n<div class=\"toggle extra-color-1\"><h3><a href=\"#\"><i class=\"icon-plus-sign\"><\/i>LES AVANTAGES DE LA COLLABORATION<\/a><\/h3><div>\u2013 Aucune d\u00e9pense inutile<br \/>\n\u2013 Des rapports transparents et en temps r\u00e9el<br \/>\n\u2013 Un grand nombre de filtres disponibles sur la plateforme<br \/>\n\u2013 Int\u00e9gration directe aupr\u00e8s d&#8217;un leader du march\u00e9<br \/>\n\u2013 Des payouts comp\u00e9titifs<br \/>\n\u2013 Un ROI (retour sur investissement) tr\u00e8s \u00e9lev\u00e9<br \/>\n\u2013 Une port\u00e9e internationale<\/div><\/div><\/div>\n<\/div>\n<div class=\"col span_8 col_last\" data-animation=\"\" data-delay=\"0\">\n<img decoding=\"async\" loading=\"lazy\" class=\"alignnone size-medium wp-image-1198\" src=\"http:\/\/www.performancebay.com\/wp-content\/uploads\/sites\/5\/2016\/12\/BG_office.jpg\" alt=\"\" width=\"1048\" height=\"500\" srcset=\"https:\/\/www.performancebay.com\/fr\/wp-content\/uploads\/sites\/5\/2016\/12\/BG_office.jpg 1048w, https:\/\/www.performancebay.com\/fr\/wp-content\/uploads\/sites\/5\/2016\/12\/BG_office-300x143.jpg 300w, https:\/\/www.performancebay.com\/fr\/wp-content\/uploads\/sites\/5\/2016\/12\/BG_office-768x366.jpg 768w, https:\/\/www.performancebay.com\/fr\/wp-content\/uploads\/sites\/5\/2016\/12\/BG_office-1024x489.jpg 1024w\" sizes=\"(max-width: 1048px) 100vw, 1048px\" \/><br \/>\n<\/div><div class=\"clear\"><\/div>\n[\/full_width_section]\n","protected":false},"excerpt":{"rendered":"<p>[full_width_section bg_pos=&#8221;Left Top&#8221; bg_repeat=&#8221;No-Repeat&#8221; text_color=&#8221;Light&#8221; image_url=&#8221;&#8221; top_padding=&#8221;&#8221; bottom_padding=&#8221;60&#8243; background_color=&#8221;#2baec7&#8243;] [\/full_width_section] [vc_row full_screen_row_position=&#8221;middle&#8221; bg_color=&#8221;#ffffff&#8221; scene_position=&#8221;center&#8221; text_color=&#8221;dark&#8221; text_align=&#8221;left&#8221; overlay_strength=&#8221;0.3&#8243;][vc_column column_padding=&#8221;padding-3-percent&#8221; column_padding_position=&#8221;all&#8221; background_color=&#8221;#ffffff&#8221; background_color_opacity=&#8221;1&#8243; background_hover_color_opacity=&#8221;1&#8243; width=&#8221;1\/2&#8243; tablet_text_alignment=&#8221;default&#8221; phone_text_alignment=&#8221;default&#8221;][vc_column_text] Performance Bay alie comp\u00e9tences, exp\u00e9rience&#8230;<\/p>\n","protected":false},"author":1,"featured_media":0,"parent":0,"menu_order":0,"comment_status":"open","ping_status":"open","template":"","meta":[],"post_mailing_queue_ids":[],"_links":{"self":[{"href":"https:\/\/www.performancebay.com\/fr\/wp-json\/wp\/v2\/pages\/648"}],"collection":[{"href":"https:\/\/www.performancebay.com\/fr\/wp-json\/wp\/v2\/pages"}],"about":[{"href":"https:\/\/www.performancebay.com\/fr\/wp-json\/wp\/v2\/types\/page"}],"author":[{"embeddable":true,"href":"https:\/\/www.performancebay.com\/fr\/wp-json\/wp\/v2\/users\/1"}],"replies":[{"embeddable":true,"href":"https:\/\/www.performancebay.com\/fr\/wp-json\/wp\/v2\/comments?post=648"}],"version-history":[{"count":176,"href":"https:\/\/www.performancebay.com\/fr\/wp-json\/wp\/v2\/pages\/648\/revisions"}],"predecessor-version":[{"id":2084,"href":"https:\/\/www.performancebay.com\/fr\/wp-json\/wp\/v2\/pages\/648\/revisions\/2084"}],"wp:attachment":[{"href":"https:\/\/www.performancebay.com\/fr\/wp-json\/wp\/v2\/media?parent=648"}],"curies":[{"name":"wp","href":"https:\/\/api.w.org\/{rel}","templated":true}]}}